{"id":2610,"date":"2017-04-26T08:00:08","date_gmt":"2017-04-26T08:00:08","guid":{"rendered":"http:\/\/demo2.steelthemes.com\/factoryhub\/?page_id=2610"},"modified":"2024-07-06T10:05:07","modified_gmt":"2024-07-06T10:05:07","slug":"home-page-2","status":"publish","type":"page","link":"https:\/\/asanbau.de\/","title":{"rendered":"Home Page 2"},"content":{"rendered":"<p>[vc_row full_width=&#8220;stretch_row_content_no_spaces&#8220;][vc_column][rev_slider_vc alias=&#8220;slider_1&#8243;][\/vc_column][\/vc_row][vc_row css=&#8220;.vc_custom_1493193749240{margin-bottom: 80px !important;padding-top: 45px !important;padding-bottom: 45px !important;background-image: url(http:\/\/erasbau.de\/wp-content\/uploads\/2017\/04\/banner-2.jpg?id=2613) !important;}&#8220;][vc_column][vc_column_text]<\/p>\n<p style=\"color: #fff; font-size: 30px; font-weight: 300; text-align: center; width: 74%; margin: 0 auto;\"><span style=\"color: #000000;\">Unser umfangreicher Portfolio bietet f\u00fcr jeden Zweck das optima\/home anabase2le Ger\u00e4t. Wir kommen auch bei kleinsten Arbeitsauftr\u00e4gen schnell und zuverl\u00e4ssig!<\/span><\/p>\n<p>[\/vc_column_text][\/vc_column][\/vc_row][vc_row css=&#8220;.vc_custom_1493193810584{margin-bottom: 60px !important;}&#8220;][vc_column]<div class=\"fh-service  service-grid\">\r\n                <div class=\"service-list row\" id=\"service-slider-69ddad528d290\"><div class=\"item-service  col-xs-12 col-sm-6 col-md-4\">\r\n\t\t\t\t\t<div class=\"service-content\">\r\n\t\t\t\t\t\t<div class=\"entry-thumbnail\">\r\n\t\t\t\t\t\t\t<div class=\"overlay\" style=\"background-color:rgba(255,200,17,0.8)\"><\/div>\r\n\t\t\t\t\t\t\t<a href=\"https:\/\/asanbau.de\/?service=power-and-energy\"><\/a>\r\n\t\t\t\t\t\t\t<img decoding=\"async\" src=\"https:\/\/asanbau.de\/wp-content\/uploads\/2017\/04\/erd1.jpg\" alt=\"Erdbewegungsarbeiten\">\r\n\t\t\t\t\t\t<\/div>\r\n\t\t\t\t\t\t<h2 class=\"entry-title\"><a href=\"https:\/\/asanbau.de\/?service=power-and-energy\">Erdbewegungsarbeiten<\/a><\/h2>\r\n\t\t\t\t\t\t<p>Planierungen, Aushubarbeiten f\u00fcr Hoch- und Tiefbauarbeiten, die Errichtung von Mauerwerken<\/p>\r\n\t\t\t\t\t<\/div>\r\n\t\t\t\t<\/div><div class=\"item-service  col-xs-12 col-sm-6 col-md-4\">\r\n\t\t\t\t\t<div class=\"service-content\">\r\n\t\t\t\t\t\t<div class=\"entry-thumbnail\">\r\n\t\t\t\t\t\t\t<div class=\"overlay\" style=\"background-color:rgba(255,200,17,0.8)\"><\/div>\r\n\t\t\t\t\t\t\t<a href=\"https:\/\/asanbau.de\/?service=petroleum-and-gas\"><\/a>\r\n\t\t\t\t\t\t\t<img decoding=\"async\" src=\"https:\/\/asanbau.de\/wp-content\/uploads\/2017\/04\/erd22.jpg\" alt=\"Erdtransporte\">\r\n\t\t\t\t\t\t<\/div>\r\n\t\t\t\t\t\t<h2 class=\"entry-title\"><a href=\"https:\/\/asanbau.de\/?service=petroleum-and-gas\">Erdtransporte<\/a><\/h2>\r\n\t\t\t\t\t\t<p>Mit Unserer Flotte bieten wir Ihnen eine hohe Schlagkraft f\u00fcr Ihr Projekt.<\/p>\r\n\t\t\t\t\t<\/div>\r\n\t\t\t\t<\/div><div class=\"item-service  col-xs-12 col-sm-6 col-md-4\">\r\n\t\t\t\t\t<div class=\"service-content\">\r\n\t\t\t\t\t\t<div class=\"entry-thumbnail\">\r\n\t\t\t\t\t\t\t<div class=\"overlay\" style=\"background-color:rgba(255,200,17,0.8)\"><\/div>\r\n\t\t\t\t\t\t\t<a href=\"https:\/\/asanbau.de\/?service=mechanical-engineering\"><\/a>\r\n\t\t\t\t\t\t\t<img decoding=\"async\" src=\"https:\/\/asanbau.de\/wp-content\/uploads\/2017\/04\/erd33.jpg\" alt=\"Baggerarbeiten\">\r\n\t\t\t\t\t\t<\/div>\r\n\t\t\t\t\t\t<h2 class=\"entry-title\"><a href=\"https:\/\/asanbau.de\/?service=mechanical-engineering\">Baggerarbeiten<\/a><\/h2>\r\n\t\t\t\t\t\t<p>Einfacher Erdaushub, umfangreiche Modellierung und Neubepflanzung.<\/p>\r\n\t\t\t\t\t<\/div>\r\n\t\t\t\t<\/div><div class=\"item-service  col-xs-12 col-sm-6 col-md-4\">\r\n\t\t\t\t\t<div class=\"service-content\">\r\n\t\t\t\t\t\t<div class=\"entry-thumbnail\">\r\n\t\t\t\t\t\t\t<div class=\"overlay\" style=\"background-color:rgba(255,200,17,0.8)\"><\/div>\r\n\t\t\t\t\t\t\t<a href=\"https:\/\/asanbau.de\/?service=material-engineering\"><\/a>\r\n\t\t\t\t\t\t\t<img decoding=\"async\" src=\"https:\/\/asanbau.de\/wp-content\/uploads\/2017\/04\/erd44.jpg\" alt=\"Abbrucharbeiten\">\r\n\t\t\t\t\t\t<\/div>\r\n\t\t\t\t\t\t<h2 class=\"entry-title\"><a href=\"https:\/\/asanbau.de\/?service=material-engineering\">Abbrucharbeiten<\/a><\/h2>\r\n\t\t\t\t\t\t<p>Wir k\u00f6nnen Ihnen ein komplettes Abbruchkonzept anbieten.<\/p>\r\n\t\t\t\t\t<\/div>\r\n\t\t\t\t<\/div><div class=\"item-service  col-xs-12 col-sm-6 col-md-4\">\r\n\t\t\t\t\t<div class=\"service-content\">\r\n\t\t\t\t\t\t<div class=\"entry-thumbnail\">\r\n\t\t\t\t\t\t\t<div class=\"overlay\" style=\"background-color:rgba(255,200,17,0.8)\"><\/div>\r\n\t\t\t\t\t\t\t<a href=\"https:\/\/asanbau.de\/?service=chemical-engineering\"><\/a>\r\n\t\t\t\t\t\t\t<img decoding=\"async\" src=\"https:\/\/asanbau.de\/wp-content\/uploads\/2017\/04\/erd55.jpg\" alt=\"Erdkabelverlegungen\">\r\n\t\t\t\t\t\t<\/div>\r\n\t\t\t\t\t\t<h2 class=\"entry-title\"><a href=\"https:\/\/asanbau.de\/?service=chemical-engineering\">Erdkabelverlegungen<\/a><\/h2>\r\n\t\t\t\t\t\t<p>Kabelverlegungen auf Kabelpritschen, in Kabelgr\u00e4ben und nat\u00fcrlich auch in Rohren.<\/p>\r\n\t\t\t\t\t<\/div>\r\n\t\t\t\t<\/div><div class=\"item-service  col-xs-12 col-sm-6 col-md-4\">\r\n\t\t\t\t\t<div class=\"service-content\">\r\n\t\t\t\t\t\t<div class=\"entry-thumbnail\">\r\n\t\t\t\t\t\t\t<div class=\"overlay\" style=\"background-color:rgba(255,200,17,0.8)\"><\/div>\r\n\t\t\t\t\t\t\t<a href=\"https:\/\/asanbau.de\/?service=agriculture-processing\"><\/a>\r\n\t\t\t\t\t\t\t<img decoding=\"async\" src=\"https:\/\/asanbau.de\/wp-content\/uploads\/2017\/04\/erd66.jpg\" alt=\"Pflasterarbeiten\">\r\n\t\t\t\t\t\t<\/div>\r\n\t\t\t\t\t\t<h2 class=\"entry-title\"><a href=\"https:\/\/asanbau.de\/?service=agriculture-processing\">Pflasterarbeiten<\/a><\/h2>\r\n\t\t\t\t\t\t<p>Wir garantieren Ihnen eine fachliche Arbeitsausf\u00fchrung und Verarbeitungsqualit\u00e4t Ihrer Au\u00dfenanlagen im privaten, sowie im gewerblichen Bereich.<\/p>\r\n\t\t\t\t\t<\/div>\r\n\t\t\t\t<\/div><\/div>\r\n            <\/div>[\/vc_column][\/vc_row][vc_row full_width=&#8220;stretch_row&#8220;][vc_column width=&#8220;1\/4&#8243; css=&#8220;.vc_custom_1493194876982{padding-right: 0px !important;padding-left: 0px !important;}&#8220;]<div class=\" fh-icon-box-3 dark-version icon-center\" style=\"background-image: url()\"><div class=\"overlay\" style=\"background-color:#04192b\"><\/div> <span class=\"fh-icon\"><i class=\"flaticon-mark\"><\/i><\/span> <h4>Jahrelange Erfahrung<\/h4><\/div>[\/vc_column][vc_column width=&#8220;1\/4&#8243; css=&#8220;.vc_custom_1493194882846{padding-right: 0px !important;padding-left: 0px !important;}&#8220;]<div class=\" fh-icon-box-3 dark-version icon-center\" style=\"background-image: url()\"><div class=\"overlay\" style=\"background-color:#071f34\"><\/div> <span class=\"fh-icon\"><i class=\"flaticon-mark\"><\/i><\/span> <h4>100% Zuverl\u00e4ssig<\/h4><\/div>[\/vc_column][vc_column width=&#8220;1\/4&#8243; css=&#8220;.vc_custom_1493194890758{padding-right: 0px !important;padding-left: 0px !important;}&#8220;]<div class=\" fh-icon-box-3 dark-version icon-center\" style=\"background-image: url()\"><div class=\"overlay\" style=\"background-color:#04192b\"><\/div> <span class=\"fh-icon\"><i class=\"flaticon-mark\"><\/i><\/span> <h4>Rundum gut beraten<\/h4><\/div>[\/vc_column][vc_column width=&#8220;1\/4&#8243; css=&#8220;.vc_custom_1493194896477{padding-right: 0px !important;padding-left: 0px !important;}&#8220;]<div class=\" fh-icon-box-3 dark-version icon-center\" style=\"background-image: url()\"><div class=\"overlay\" style=\"background-color:#071f34\"><\/div> <span class=\"fh-icon\"><i class=\"flaticon-mark\"><\/i><\/span> <h4>Umweltbewusst<\/h4><\/div>[\/vc_column][\/vc_row][vc_row full_width=&#8220;stretch_row&#8220;][vc_column]Something went wrong while retrieving your map, please ensure you have entered the short code correctly.[\/vc_column][\/vc_row]<\/p>\n","protected":false},"excerpt":{"rendered":"<p>[vc_row full_width=&#8220;stretch_row_content_no_spaces&#8220;][vc_column][rev_slider_vc alias=&#8220;slider_1&#8243;][\/vc_column][\/vc_row][vc_row css=&#8220;.vc_custom_1493193749240{margin-bottom: 80px !important;padding-top: 45px !important;padding-bottom: 45px !important;background-image: url(http:\/\/erasbau.de\/wp-content\/uploads\/2017\/04\/banner-2.jpg?id=2613) !important;}&#8220;][vc_column][vc_column_text] Unser umfangreicher Portfolio bietet f\u00fcr jeden Zweck das optima\/home anabase2le Ger\u00e4t. Wir kommen auch bei kleinsten Arbeitsauftr\u00e4gen schnell&hellip;<\/p>\n","protected":false},"author":2,"featured_media":0,"parent":0,"menu_order":0,"comment_status":"closed","ping_status":"closed","template":"template-homepage.php","meta":{"footnotes":""},"_links":{"self":[{"href":"https:\/\/asanbau.de\/index.php?rest_route=\/wp\/v2\/pages\/2610"}],"collection":[{"href":"https:\/\/asanbau.de\/index.php?rest_route=\/wp\/v2\/pages"}],"about":[{"href":"https:\/\/asanbau.de\/index.php?rest_route=\/wp\/v2\/types\/page"}],"author":[{"embeddable":true,"href":"https:\/\/asanbau.de\/index.php?rest_route=\/wp\/v2\/users\/2"}],"replies":[{"embeddable":true,"href":"https:\/\/asanbau.de\/index.php?rest_route=%2Fwp%2Fv2%2Fcomments&post=2610"}],"version-history":[{"count":20,"href":"https:\/\/asanbau.de\/index.php?rest_route=\/wp\/v2\/pages\/2610\/revisions"}],"predecessor-version":[{"id":2889,"href":"https:\/\/asanbau.de\/index.php?rest_route=\/wp\/v2\/pages\/2610\/revisions\/2889"}],"wp:attachment":[{"href":"https:\/\/asanbau.de\/index.php?rest_route=%2Fwp%2Fv2%2Fmedia&parent=2610"}],"curies":[{"name":"wp","href":"https:\/\/api.w.org\/{rel}","templated":true}]}}